{"id":7,"date":"2018-07-20T10:19:19","date_gmt":"2018-07-20T07:19:19","guid":{"rendered":"https:\/\/www.pokbiil.com\/?page_id=7"},"modified":"2022-09-22T10:28:01","modified_gmt":"2022-09-22T07:28:01","slug":"tietosuojaseloste","status":"publish","type":"page","link":"https:\/\/www.pokbiil.com\/?page_id=7","title":{"rendered":"Tietosuojaseloste"},"content":{"rendered":"\n\n\t<h3>\n\t\t\t\ttietosuojaseloste\n\t\t\t<\/h3>\n\t\t\t<p>Rekisteri- ja tietosuojaseloste<br \/>T\u00e4m\u00e4 on Yrityksen henkil\u00f6tietolain (10 ja 24 \u00a7) ja EU:n yleisen tietosuoja-asetuksen (GDPR) mukainen rekisteri- ja tietosuojaseloste. Laadittu 2.9.2022. Viimeisin muutos 2.9.2022.\u00a01. Rekisterinpit\u00e4j\u00e4<br \/>Pok Biil\u00a02. Rekisterist\u00e4 vastaava yhteyshenkil\u00f6<br \/>Pok Biil, pokbiil94@gmail.com\u00a03. Rekisterin nimi<br \/>Yrityksen asiakasrekisteri.\u00a04. Oikeusperuste ja henkil\u00f6tietojen k\u00e4sittelyn tarkoitus<br \/>EU:n yleisen tietosuoja-asetuksen mukainen oikeusperuste henkil\u00f6tietojen k\u00e4sittelylle on<br \/>&#8211; henkil\u00f6n suostumus (dokumentoitu, vapaaehtoinen, yksil\u00f6ity, tietoinen ja yksiselitteinen)Henkil\u00f6tietojen k\u00e4sittelyn tarkoitus on yhteydenpito asiakkaisiin, asiakassuhteen yll\u00e4pito, markkinointi tms.Tietoja ei k\u00e4ytet\u00e4 automatisoituun p\u00e4\u00e4t\u00f6ksentekoon tai profilointiin.\u00a05. Rekisterin tietosis\u00e4lt\u00f6<br \/>Rekisteriin tallennettavia tietoja ovat: henkil\u00f6n nimi, asema, yritys\/organisaatio, yhteystiedot (puhelinnumero, s\u00e4hk\u00f6postiosoite, osoite), www-sivustojen osoitteet, verkkoyhteyden IP-osoite, tunnukset\/profiilit sosiaalisen median palveluissa, tiedot tilatuista palveluista ja niiden muutoksista, laskutustiedot, muut asiakassuhteeseen ja tilattuihin palveluihin liittyv\u00e4t tiedot.\u00a06. S\u00e4\u00e4nn\u00f6nmukaiset tietol\u00e4hteet<br \/>Rekisteriin tallennettavat tiedot saadaan asiakkaalta mm. www-lomakkeilla l\u00e4hetetyist\u00e4 viesteist\u00e4, s\u00e4hk\u00f6postitse, puhelimitse, sosiaalisen median palvelujen kautta, sopimuksista, asiakastapaamisista ja muista tilanteista, joissa asiakas luovuttaa tietojaan.\u00a07. Tietojen s\u00e4\u00e4nn\u00f6nmukaiset luovutukset ja tietojen siirto EU:n tai ETA:n ulkopuolelle<br \/>Tietoja ei luovuteta s\u00e4\u00e4nn\u00f6nmukaisesti muille tahoille. Tietoja voidaan julkaista silt\u00e4 osin kuin niin on sovittu asiakkaan kanssa.Tietoja voidaan siirt\u00e4\u00e4 rekisterinpit\u00e4j\u00e4n toimesta my\u00f6s EU:n tai ETA:n ulkopuolelle.\u00a08. Rekisterin suojauksen periaatteet<br \/>Rekisterin k\u00e4sittelyss\u00e4 noudatetaan huolellisuutta ja tietoj\u00e4rjestelmien avulla k\u00e4sitelt\u00e4v\u00e4t tiedot suojataan asianmukaisesti. Kun rekisteritietoja s\u00e4ilytet\u00e4\u00e4n Internet-palvelimilla, niiden laitteiston fyysisest\u00e4 ja digitaalisesta tietoturvasta huolehditaan asiaankuuluvasti. Rekisterinpit\u00e4j\u00e4 huolehtii siit\u00e4, ett\u00e4 tallennettuja tietoja sek\u00e4 palvelimien k\u00e4ytt\u00f6oikeuksia ja muita henkil\u00f6tietojen turvallisuuden kannalta kriittisi\u00e4 tietoja k\u00e4sitell\u00e4\u00e4n luottamuksellisesti ja vain niiden ty\u00f6ntekij\u00f6iden toimesta, joiden ty\u00f6nkuvaan se kuuluu.\u00a09. Tarkastusoikeus ja oikeus vaatia tiedon korjaamista<br \/>Jokaisella rekisteriss\u00e4 olevalla henkil\u00f6ll\u00e4 on oikeus tarkistaa rekisteriin tallennetut tietonsa ja vaatia mahdollisen virheellisen tiedon korjaamista tai puutteellisen tiedon t\u00e4ydent\u00e4mist\u00e4. Mik\u00e4li henkil\u00f6 haluaa tarkistaa h\u00e4nest\u00e4 tallennetut tiedot tai vaatia niihin oikaisua, pyynt\u00f6 tulee l\u00e4hett\u00e4\u00e4 kirjallisesti rekisterinpit\u00e4j\u00e4lle. Rekisterinpit\u00e4j\u00e4 voi pyyt\u00e4\u00e4 tarvittaessa pyynn\u00f6n esitt\u00e4j\u00e4\u00e4 todistamaan henkil\u00f6llisyytens\u00e4. Rekisterinpit\u00e4j\u00e4 vastaa asiakkaalle EU:n tietosuoja-asetuksessa s\u00e4\u00e4detyss\u00e4 ajassa (p\u00e4\u00e4s\u00e4\u00e4nt\u00f6isesti kuukauden kuluessa).\u00a010. Muut henkil\u00f6tietojen k\u00e4sittelyyn liittyv\u00e4t oikeudet<br \/>Rekisteriss\u00e4 olevalla henkil\u00f6ll\u00e4 on oikeus pyyt\u00e4\u00e4 h\u00e4nt\u00e4 koskevien henkil\u00f6tietojen poistamiseen rekisterist\u00e4 (&#8221;oikeus tulla unohdetuksi&#8221;). Niin ik\u00e4\u00e4n rekister\u00f6idyill\u00e4 on muut EU:n yleisen tietosuoja-asetuksen mukaiset oikeudet kuten henkil\u00f6tietojen k\u00e4sittelyn rajoittaminen tietyiss\u00e4 tilanteissa. Pyynn\u00f6t tulee l\u00e4hett\u00e4\u00e4 kirjallisesti rekisterinpit\u00e4j\u00e4lle. Rekisterinpit\u00e4j\u00e4 voi pyyt\u00e4\u00e4 tarvittaessa pyynn\u00f6n esitt\u00e4j\u00e4\u00e4 todistamaan henkil\u00f6llisyytens\u00e4. Rekisterinpit\u00e4j\u00e4 vastaa asiakkaalle EU:n tietosuoja-asetuksessa s\u00e4\u00e4detyss\u00e4 ajassa (p\u00e4\u00e4s\u00e4\u00e4nt\u00f6isesti kuukauden kuluessa).<\/p>\t\n\n","protected":false},"excerpt":{"rendered":"<p>tietosuojaseloste Rekisteri- ja tietosuojaselosteT\u00e4m\u00e4 on Yrityksen henkil\u00f6tietolain (10 ja 24 \u00a7) ja EU:n yleisen tietosuoja-asetuksen (GDPR) mukainen rekisteri- ja tietosuojaseloste. Laadittu 2.9.2022. Viimeisin muutos 2.9.2022.\u00a01. Rekisterinpit\u00e4j\u00e4Pok Biil\u00a02. Rekisterist\u00e4 vastaava yhteyshenkil\u00f6Pok Biil, pokbiil94@gmail.com\u00a03. Rekisterin nimiYrityksen asiakasrekisteri.\u00a04. Oikeusperuste ja henkil\u00f6tietojen k\u00e4sittelyn tarkoitusEU:n yleisen tietosuoja-asetuksen mukainen oikeusperuste henkil\u00f6tietojen k\u00e4sittelylle on&#8211; henkil\u00f6n suostumus (dokumentoitu, vapaaehtoinen, yksil\u00f6ity, tietoinen ja yksiselitteinen)Henkil\u00f6tietojen &hellip;<\/p>\n<p class=\"read-more\"> <a class=\"\" href=\"https:\/\/www.pokbiil.com\/?page_id=7\"> <span class=\"screen-reader-text\">Tietosuojaseloste<\/span> Lue lis\u00e4\u00e4 &raquo;<\/a><\/p>\n","protected":false},"author":1,"featured_media":0,"parent":0,"menu_order":0,"comment_status":"closed","ping_status":"closed","template":"","meta":{"site-sidebar-layout":"no-sidebar","site-content-layout":"page-builder","ast-global-header-display":"","ast-main-header-display":"","ast-hfb-above-header-display":"","ast-hfb-below-header-display":"","ast-hfb-mobile-header-display":"","site-post-title":"disabled","ast-breadcrumbs-content":"","ast-featured-img":"disabled","footer-sml-layout":"","theme-transparent-header-meta":"enabled","adv-header-id-meta":"","stick-header-meta":"","header-above-stick-meta":"","header-main-stick-meta":"","header-below-stick-meta":"","footnotes":""},"class_list":["post-7","page","type-page","status-publish","hentry"],"yoast_head":"<!-- This site is optimized with the Yoast SEO plugin v19.6.1 - https:\/\/yoast.com\/wordpress\/plugins\/seo\/ -->\n<title>Tietosuojaseloste - Pok Biil<\/title>\n<meta name=\"robots\" content=\"index, follow, max-snippet:-1, max-image-preview:large, max-video-preview:-1\" \/>\n<link rel=\"canonical\" href=\"https:\/\/www.pokbiil.com\/?page_id=7\" \/>\n<meta property=\"og:locale\" content=\"fi_FI\" \/>\n<meta property=\"og:type\" content=\"article\" \/>\n<meta property=\"og:title\" content=\"Tietosuojaseloste - Pok Biil\" \/>\n<meta property=\"og:description\" content=\"tietosuojaseloste Rekisteri- ja tietosuojaselosteT\u00e4m\u00e4 on Yrityksen henkil\u00f6tietolain (10 ja 24 \u00a7) ja EU:n yleisen tietosuoja-asetuksen (GDPR) mukainen rekisteri- ja tietosuojaseloste. Laadittu 2.9.2022. Viimeisin muutos 2.9.2022.\u00a01. Rekisterinpit\u00e4j\u00e4Pok Biil\u00a02. Rekisterist\u00e4 vastaava yhteyshenkil\u00f6Pok Biil, pokbiil94@gmail.com\u00a03. Rekisterin nimiYrityksen asiakasrekisteri.\u00a04. Oikeusperuste ja henkil\u00f6tietojen k\u00e4sittelyn tarkoitusEU:n yleisen tietosuoja-asetuksen mukainen oikeusperuste henkil\u00f6tietojen k\u00e4sittelylle on&#8211; henkil\u00f6n suostumus (dokumentoitu, vapaaehtoinen, yksil\u00f6ity, tietoinen ja yksiselitteinen)Henkil\u00f6tietojen &hellip; Tietosuojaseloste Lue lis\u00e4\u00e4 &raquo;\" \/>\n<meta property=\"og:url\" content=\"https:\/\/www.pokbiil.com\/?page_id=7\" \/>\n<meta property=\"og:site_name\" content=\"Pok Biil\" \/>\n<meta property=\"article:modified_time\" content=\"2022-09-22T07:28:01+00:00\" \/>\n<meta name=\"twitter:card\" content=\"summary_large_image\" \/>\n<meta name=\"twitter:label1\" content=\"Arvioitu lukuaika\" \/>\n\t<meta name=\"twitter:data1\" content=\"2 minuuttia\" \/>\n<script type=\"application\/ld+json\" class=\"yoast-schema-graph\">{\"@context\":\"https:\/\/schema.org\",\"@graph\":[{\"@type\":\"WebPage\",\"@id\":\"https:\/\/www.pokbiil.com\/?page_id=7\",\"url\":\"https:\/\/www.pokbiil.com\/?page_id=7\",\"name\":\"Tietosuojaseloste - Pok Biil\",\"isPartOf\":{\"@id\":\"https:\/\/www.pokbiil.com\/#website\"},\"datePublished\":\"2018-07-20T07:19:19+00:00\",\"dateModified\":\"2022-09-22T07:28:01+00:00\",\"breadcrumb\":{\"@id\":\"https:\/\/www.pokbiil.com\/?page_id=7#breadcrumb\"},\"inLanguage\":\"fi\",\"potentialAction\":[{\"@type\":\"ReadAction\",\"target\":[\"https:\/\/www.pokbiil.com\/?page_id=7\"]}]},{\"@type\":\"BreadcrumbList\",\"@id\":\"https:\/\/www.pokbiil.com\/?page_id=7#breadcrumb\",\"itemListElement\":[{\"@type\":\"ListItem\",\"position\":1,\"name\":\"Etusivu\",\"item\":\"https:\/\/www.pokbiil.com\/\"},{\"@type\":\"ListItem\",\"position\":2,\"name\":\"Tietosuojaseloste\"}]},{\"@type\":\"WebSite\",\"@id\":\"https:\/\/www.pokbiil.com\/#website\",\"url\":\"https:\/\/www.pokbiil.com\/\",\"name\":\"Pok Biil\",\"description\":\"Pok Biil is training again. Not just to fight, but to build.\",\"potentialAction\":[{\"@type\":\"SearchAction\",\"target\":{\"@type\":\"EntryPoint\",\"urlTemplate\":\"https:\/\/www.pokbiil.com\/?s={search_term_string}\"},\"query-input\":\"required name=search_term_string\"}],\"inLanguage\":\"fi\"}]}<\/script>\n<!-- \/ Yoast SEO plugin. -->","yoast_head_json":{"title":"Tietosuojaseloste - Pok Biil","robots":{"index":"index","follow":"follow","max-snippet":"max-snippet:-1","max-image-preview":"max-image-preview:large","max-video-preview":"max-video-preview:-1"},"canonical":"https:\/\/www.pokbiil.com\/?page_id=7","og_locale":"fi_FI","og_type":"article","og_title":"Tietosuojaseloste - Pok Biil","og_description":"tietosuojaseloste Rekisteri- ja tietosuojaselosteT\u00e4m\u00e4 on Yrityksen henkil\u00f6tietolain (10 ja 24 \u00a7) ja EU:n yleisen tietosuoja-asetuksen (GDPR) mukainen rekisteri- ja tietosuojaseloste. Laadittu 2.9.2022. Viimeisin muutos 2.9.2022.\u00a01. Rekisterinpit\u00e4j\u00e4Pok Biil\u00a02. Rekisterist\u00e4 vastaava yhteyshenkil\u00f6Pok Biil, pokbiil94@gmail.com\u00a03. Rekisterin nimiYrityksen asiakasrekisteri.\u00a04. Oikeusperuste ja henkil\u00f6tietojen k\u00e4sittelyn tarkoitusEU:n yleisen tietosuoja-asetuksen mukainen oikeusperuste henkil\u00f6tietojen k\u00e4sittelylle on&#8211; henkil\u00f6n suostumus (dokumentoitu, vapaaehtoinen, yksil\u00f6ity, tietoinen ja yksiselitteinen)Henkil\u00f6tietojen &hellip; Tietosuojaseloste Lue lis\u00e4\u00e4 &raquo;","og_url":"https:\/\/www.pokbiil.com\/?page_id=7","og_site_name":"Pok Biil","article_modified_time":"2022-09-22T07:28:01+00:00","twitter_card":"summary_large_image","twitter_misc":{"Arvioitu lukuaika":"2 minuuttia"},"schema":{"@context":"https:\/\/schema.org","@graph":[{"@type":"WebPage","@id":"https:\/\/www.pokbiil.com\/?page_id=7","url":"https:\/\/www.pokbiil.com\/?page_id=7","name":"Tietosuojaseloste - Pok Biil","isPartOf":{"@id":"https:\/\/www.pokbiil.com\/#website"},"datePublished":"2018-07-20T07:19:19+00:00","dateModified":"2022-09-22T07:28:01+00:00","breadcrumb":{"@id":"https:\/\/www.pokbiil.com\/?page_id=7#breadcrumb"},"inLanguage":"fi","potentialAction":[{"@type":"ReadAction","target":["https:\/\/www.pokbiil.com\/?page_id=7"]}]},{"@type":"BreadcrumbList","@id":"https:\/\/www.pokbiil.com\/?page_id=7#breadcrumb","itemListElement":[{"@type":"ListItem","position":1,"name":"Etusivu","item":"https:\/\/www.pokbiil.com\/"},{"@type":"ListItem","position":2,"name":"Tietosuojaseloste"}]},{"@type":"WebSite","@id":"https:\/\/www.pokbiil.com\/#website","url":"https:\/\/www.pokbiil.com\/","name":"Pok Biil","description":"Pok Biil is training again. Not just to fight, but to build.","potentialAction":[{"@type":"SearchAction","target":{"@type":"EntryPoint","urlTemplate":"https:\/\/www.pokbiil.com\/?s={search_term_string}"},"query-input":"required name=search_term_string"}],"inLanguage":"fi"}]}},"_links":{"self":[{"href":"https:\/\/www.pokbiil.com\/index.php?rest_route=\/wp\/v2\/pages\/7","targetHints":{"allow":["GET"]}}],"collection":[{"href":"https:\/\/www.pokbiil.com\/index.php?rest_route=\/wp\/v2\/pages"}],"about":[{"href":"https:\/\/www.pokbiil.com\/index.php?rest_route=\/wp\/v2\/types\/page"}],"author":[{"embeddable":true,"href":"https:\/\/www.pokbiil.com\/index.php?rest_route=\/wp\/v2\/users\/1"}],"replies":[{"embeddable":true,"href":"https:\/\/www.pokbiil.com\/index.php?rest_route=%2Fwp%2Fv2%2Fcomments&post=7"}],"version-history":[{"count":7,"href":"https:\/\/www.pokbiil.com\/index.php?rest_route=\/wp\/v2\/pages\/7\/revisions"}],"predecessor-version":[{"id":1004,"href":"https:\/\/www.pokbiil.com\/index.php?rest_route=\/wp\/v2\/pages\/7\/revisions\/1004"}],"wp:attachment":[{"href":"https:\/\/www.pokbiil.com\/index.php?rest_route=%2Fwp%2Fv2%2Fmedia&parent=7"}],"curies":[{"name":"wp","href":"https:\/\/api.w.org\/{rel}","templated":true}]}}